{"id":16,"date":"2014-07-18T16:41:10","date_gmt":"2014-07-18T16:41:10","guid":{"rendered":"http:\/\/www.mutokino.com\/web\/?page_id=16"},"modified":"2016-12-02T18:28:59","modified_gmt":"2016-12-02T18:28:59","slug":"about","status":"publish","type":"page","link":"http:\/\/www.mutokino.com\/web\/about\/","title":{"rendered":"About"},"content":{"rendered":"<h1>mutokino es una compa\u00f1\u00eda productora y distribuidora fundada por Felipe Guerrero, interesada en cine de autor con \u00e9nfasis en experimentaci\u00f3n formal y narrativas disruptivas.\u00a0Entendemos el cine como una experiencia f\u00edsica, donde el espectador se sumerge dentro del flujo r\u00edtmico de una forma cinematogr\u00e1fica en acto.\u00a0Apostamos por un cine que movilice hacia zonas indefinidas, inciertas y movedizas, buscando estados plenos de \u00e9xtasis y devoci\u00f3n.<\/h1>\n<div class=\"share-this group\"><span class=\"share\">Share &rarr;<\/span><\/p>\n<div><a href=\"http:\/\/twitter.com\/share\" class=\"twitter-share-button\" data-count=\"horizontal\">Tweet<\/a><\/div>\n<div class=\"plusone\"><g:plusone size=\"medium\" href=\"http:\/\/www.mutokino.com\/web\/about\/\"><\/g:plusone><\/div>\n<div class=\"facebook-like-button\"><iframe src=\"http:\/\/www.facebook.com\/plugins\/like.php?href=http%3A%2F%2Fwww.mutokino.com%2Fweb%2Fabout%2F&amp;layout=button_count&amp;show_faces=false&amp;width=200&amp;action=like&amp;colorscheme=light&amp;height=21\"scrolling=\"no\" frameborder=\"0\" style=\"border:none; overflow:hidden; width:200px; height:21px;\" allowTransparency=\"true\"><\/iframe><\/div>\n<\/div>\n","protected":false},"excerpt":{"rendered":"<p>mutokino es una compa\u00f1\u00eda productora y distribuidora fundada por Felipe Guerrero, interesada en cine de autor con \u00e9nfasis en experimentaci\u00f3n formal y narrativas disruptivas.\u00a0Entendemos el cine como una experiencia f\u00edsica,&#8230; <a class=\"read-more\" href=\"http:\/\/www.mutokino.com\/web\/about\/\">Leer Mas &raquo;<\/a><\/p>\n","protected":false},"author":1,"featured_media":0,"parent":0,"menu_order":0,"comment_status":"open","ping_status":"open","template":"template-full-width.php","meta":{"footnotes":""},"class_list":["post-16","page","type-page","status-publish","hentry"],"_links":{"self":[{"href":"http:\/\/www.mutokino.com\/web\/wp-json\/wp\/v2\/pages\/16","targetHints":{"allow":["GET"]}}],"collection":[{"href":"http:\/\/www.mutokino.com\/web\/wp-json\/wp\/v2\/pages"}],"about":[{"href":"http:\/\/www.mutokino.com\/web\/wp-json\/wp\/v2\/types\/page"}],"author":[{"embeddable":true,"href":"http:\/\/www.mutokino.com\/web\/wp-json\/wp\/v2\/users\/1"}],"replies":[{"embeddable":true,"href":"http:\/\/www.mutokino.com\/web\/wp-json\/wp\/v2\/comments?post=16"}],"version-history":[{"count":9,"href":"http:\/\/www.mutokino.com\/web\/wp-json\/wp\/v2\/pages\/16\/revisions"}],"predecessor-version":[{"id":414,"href":"http:\/\/www.mutokino.com\/web\/wp-json\/wp\/v2\/pages\/16\/revisions\/414"}],"wp:attachment":[{"href":"http:\/\/www.mutokino.com\/web\/wp-json\/wp\/v2\/media?parent=16"}],"curies":[{"name":"wp","href":"https:\/\/api.w.org\/{rel}","templated":true}]}}